{"id":8,"date":"2019-02-22T10:04:06","date_gmt":"2019-02-22T10:04:06","guid":{"rendered":"http:\/\/attu.azurewebsites.net\/?page_id=8"},"modified":"2019-11-11T13:34:19","modified_gmt":"2019-11-11T11:34:19","slug":"home","status":"publish","type":"page","link":"http:\/\/attu.fi\/","title":{"rendered":"Meist\u00e4 &#8211; Om oss"},"content":{"rendered":"<p>Atun saari sijaitsee keskell\u00e4 luonnonkaunista Saaristomerta, joka on Suomen oloissa niit\u00e4 harvoja alueita, jossa ilmasto mahdollistaa hedelmien kasvattamisen.<\/p>\n<p>Tilamme vehreit\u00e4 ja kalkkipitoisia peltoja on viljelty 1500-luvulta l\u00e4htien. Boda Farm vie yhdess\u00e4 Anderson-Nordstr\u00f6min perheen kanssa pitk\u00e4\u00e4 viljelyperinnett\u00e4 eteenp\u00e4in omenapuiden voimalla.<\/p>\n<p>Omenapuita vuonna 2019 on noin 31 000 kpl ja p\u00e4\u00e4ryn\u00e4puita noin 2000 kpl.<\/p>\n<hr \/>\n<p>\u00d6n Attu ligger i det natursk\u00f6na sk\u00e4rg\u00e5rdshavet, ett av de f\u00e5 omr\u00e5den i Finland d\u00e4r klimatet till\u00e5ter fruktodling.<\/p>\n<p>Den kalkrika och b\u00f6rdiga odlingsmarken har brukats sedan 1500-talet. Boda Farm med familjen Anderson-Nordstr\u00f6m tar odlingsarvet vidare med frukttr\u00e4d.<\/p>\n<p>Vi har kring 31 000 \u00e4ppeltr\u00e4d och n\u00e4rmare 2000 p\u00e4rontr\u00e4d \u00e5r 2019.<\/p>\n","protected":false},"excerpt":{"rendered":"<p>Atun saari sijaitsee keskell\u00e4 luonnonkaunista Saaristomerta, joka on Suomen oloissa niit\u00e4 harvoja alueita, jossa ilmasto mahdollistaa hedelmien kasvattamisen. Tilamme vehreit\u00e4 ja kalkkipitoisia peltoja on viljelty 1500-luvulta l\u00e4htien. Boda Farm vie yhdess\u00e4 Anderson-Nordstr\u00f6min perheen kanssa pitk\u00e4\u00e4 viljelyperinnett\u00e4 eteenp\u00e4in omenapuiden voimalla. Omenapuita vuonna 2019 on noin 31 000 kpl ja p\u00e4\u00e4ryn\u00e4puita noin 2000 kpl. \u00d6n Attu ligger &hellip; <\/p>\n<p class=\"link-more\"><a href=\"http:\/\/attu.fi\/\" class=\"more-link\">Continue reading<span class=\"screen-reader-text\"> &#8220;Meist\u00e4 &#8211; Om oss&#8221;<\/span><\/a><\/p>\n","protected":false},"author":1,"featured_media":0,"parent":10,"menu_order":0,"comment_status":"closed","ping_status":"closed","template":"","meta":[],"_links":{"self":[{"href":"http:\/\/attu.fi\/index.php?rest_route=\/wp\/v2\/pages\/8"}],"collection":[{"href":"http:\/\/attu.fi\/index.php?rest_route=\/wp\/v2\/pages"}],"about":[{"href":"http:\/\/attu.fi\/index.php?rest_route=\/wp\/v2\/types\/page"}],"author":[{"embeddable":true,"href":"http:\/\/attu.fi\/index.php?rest_route=\/wp\/v2\/users\/1"}],"replies":[{"embeddable":true,"href":"http:\/\/attu.fi\/index.php?rest_route=%2Fwp%2Fv2%2Fcomments&post=8"}],"version-history":[{"count":3,"href":"http:\/\/attu.fi\/index.php?rest_route=\/wp\/v2\/pages\/8\/revisions"}],"predecessor-version":[{"id":59,"href":"http:\/\/attu.fi\/index.php?rest_route=\/wp\/v2\/pages\/8\/revisions\/59"}],"up":[{"embeddable":true,"href":"http:\/\/attu.fi\/index.php?rest_route=\/wp\/v2\/pages\/10"}],"wp:attachment":[{"href":"http:\/\/attu.fi\/index.php?rest_route=%2Fwp%2Fv2%2Fmedia&parent=8"}],"curies":[{"name":"wp","href":"https:\/\/api.w.org\/{rel}","templated":true}]}}